{"id":450,"date":"2013-05-27T12:15:34","date_gmt":"2013-05-27T15:15:34","guid":{"rendered":"http:\/\/www.derechoenaccion.com.ar\/?page_id=450"},"modified":"2014-06-23T12:34:59","modified_gmt":"2014-06-23T15:34:59","slug":"proyeccion-de-haber-previsional","status":"publish","type":"page","link":"https:\/\/delpinocardenas.com.ar\/?page_id=450","title":{"rendered":"Proyecci\u00f3n de Haber Previsional"},"content":{"rendered":"<h2>Jubilaci\u00f3n con moratoria,<br \/>\nMonto del haber y relaci\u00f3n laboral<\/h2>\n<p>Nuestro estudio jur\u00eddico se especializa en <strong>Derecho Previsional<\/strong> y en tal sentido ofrecemos el nuevo servicio de <strong>Proyecci\u00f3n de Haber Previsional<\/strong>.<\/p>\n<p>El servicio de Proyecci\u00f3n del Haber Previsional consiste en informarle, en base a los datos que Ud. nos facilita, <strong>el monto aproximado de su futuro haber previsional<\/strong>.<\/p>\n<p>El servicio se implement\u00f3 porque recibimos una multitud de solicitudes, donde los trabajadores que estaban llegando a la edad jubilatoria deb\u00edan decidir si aceptaban o no la desvinculaci\u00f3n ofrecida por los empleadores con motivo de la jubilaci\u00f3n, y la particularidad era que dichos empleadores\u00a0 ofrec\u00edan al trabajador pagarles toda la moratoria necesaria para completar los a\u00f1os requeridos para jubilarse.<\/p>\n<p>A continuaci\u00f3n plantearemos en casos concretos, los interrogantes suscitados al momento de la consulta, las respuestas que brindamos y 3 proyecciones de haber jubilatorio para que num\u00e9ricamente puedan evaluar la conveniencia o no de aceptar los \u201cgenerosos\u201d ofrecimientos patronales.<\/p>\n<p>El caso en estudio que ponemos de ejemplo es de una persona que acababa de cumplir los 65 a\u00f1os de edad.<\/p>\n<p>En ese momento se encontraba trabajando en una empresa multinacional proveedora de gas. Al cumplir la edad el empleador procedi\u00f3 a comunicarle que deb\u00eda jubilarse. Cuando el trabajador inform\u00f3 que no contaba con los 30 a\u00f1os de servicios requeridos por el SIPA para acceder al beneficio jubilatorio, el empleador le inform\u00f3 que estaba obligado a jubilarse y que si no contaba con los 30 a\u00f1os de servicios, ellos gestionar\u00edan a trav\u00e9s de una consultora el pago de la moratoria previsional Ley 24.476 para completar los a\u00f1os necesarios faltantes a un m\u00f3dico costo (para la empresa) aproximado de $10.000, pero ni la consultora contratada por la empresa, ni la empresa, ni Anses pod\u00eda informarle si estaba obligado a aceptarlo, ni\u00a0 cuanto ser\u00eda el haber mensual jubilatorio que percibir\u00eda.<\/p>\n<p>Ante tal situaci\u00f3n y la inminencia del despido por causa de jubilaci\u00f3n, el trabajador nos consulta con las siguientes preguntas:<\/p>\n<ol>\n<li><em>\u00bfEst\u00e1 obligado a acogerse a la moratoria previsional frente a la intimaci\u00f3n patronal?<\/em><\/li>\n<li><em>En caso de acogerse a la moratoria, \u00bfqui\u00e9n deber\u00eda hacerse cargo?<\/em><\/li>\n<li><em>Si el trabajador optara por la moratoria y se jubila \u00bfle corresponder\u00eda alguna indemnizaci\u00f3n?<\/em><\/li>\n<li><em>\u00bfCu\u00e1l ser\u00eda el monto del haber mensual si acepta la jubilaci\u00f3n con\u00a0 la moratoria? y \u00bfcu\u00e1l ser\u00eda el monto que corresponder\u00eda si solo tuviera servicios en relaci\u00f3n de dependencia?<\/em><\/li>\n<li><em>\u00bfCu\u00e1l ser\u00eda el monto de la indemnizaci\u00f3n por despido incausado?<\/em><\/li>\n<\/ol>\n<h2>Analizamos el caso:<\/h2>\n<p>Fecha de nacimiento del trabajador: 28\/02\/1948.<br \/>\nEdad a la fecha de consulta (01\/03\/13): 65 a\u00f1os 1 d\u00eda.<\/p>\n<p><strong>Historia Laboral<\/strong><\/p>\n<p>Empresa de Gas: 01\/12\/92 al 28\/02\/13: 20 a\u00f1os, 3 meses.<br \/>\nEmpresa Laberinto: 01\/01\/1978 al 31\/12\/1978: 1 a\u00f1o.<br \/>\nTotal: 21 a\u00f1os y 3 meses<\/p>\n<h2><b>Respuesta a las preguntas:<\/b><\/h2>\n<p><em><strong>1. \u00bfEst\u00e1 obligado a acogerse a la moratoria previsional frente a la intimaci\u00f3n patronal?<\/strong><\/em><\/p>\n<p>La Ley de Contrato de Trabajo en su art. 252 prev\u00e9 que cuando el trabajador reuniere los requisitos necesarios para obtener las prestaciones de la Ley 24241, el empleador <strong>podr\u00e1<\/strong> intimarlo a que inicie los tr\u00e1mites pertinentes a ese fin y a partir de ese momento deber\u00e1 mantener la relaci\u00f3n laboral hasta que el trabajador obtenga el beneficio y por un plazo m\u00e1ximo de un a\u00f1o.<\/p>\n<p>Por lo expuesto, <strong>el trabajador que no posee los a\u00f1os de servicios\u00a0 necesarios para acceder al beneficio jubilatorio no est\u00e1 obligado a jubilarse.<\/strong><\/p>\n<p><strong>La moratoria previsional<\/strong> dispuesta por la Ley 24.476 en su art\u00edculo 5 determina que el acogimiento a ella <strong>es<\/strong> de car\u00e1cter <strong>voluntario<\/strong>. Por lo tanto, <strong>el empleador, no puede obligar al trabajador a acogerse a dicha moratoria<\/strong>.<\/p>\n<p>Por otro lado, como ya ver\u00e1, <strong>el acogimiento a la moratoria implica<\/strong> sumar servicios como trabajador aut\u00f3nomo, y el promedio de las rentas presuntas de dicho trabajador aut\u00f3nomo es sumamente bajo, comparado con el sueldo de relaci\u00f3n de dependencia, lo cual <strong>influir\u00e1 negativamente en el monto del futuro haber jubilatorio.<\/strong><\/p>\n<p><em><strong>2. En caso de acogerse a la moratoria \u00bfqui\u00e9n debe hacerse cargo?<\/strong><\/em><\/p>\n<p>Salvo pacto en contrario, <strong>el empleador no est\u00e1 obligado a pagar<\/strong> la moratoria que el trabajador voluntariamente quiera acogerse.<\/p>\n<p><em><strong>3. Si el trabajador optara por la moratoria y se jubila \u00bfle corresponder\u00eda alguna indemnizaci\u00f3n?<\/strong><\/em><\/p>\n<p>La Ley de Contrato de Trabajo determina que aquel trabajador que fuera intimado por el art. 252, concedido el beneficio o transcurrido el plazo de un a\u00f1o, <strong>no tiene derecho al pago de ninguna indemnizaci\u00f3n por antig\u00fcedad, ni pre-aviso<\/strong>. Solo corresponder\u00e1 que se le liquide las vacaciones y el aguinaldo proporcional. En algunos convenios colectivos de trabajo est\u00e1 determinado alg\u00fan tipo de gratificaci\u00f3n por desvinculaci\u00f3n en caso de jubilaci\u00f3n, pero la generalidad no lo prev\u00e9.<\/p>\n<p><em><strong>4. \u00bfCu\u00e1l ser\u00eda el monto del haber mensual si acepta la jubilaci\u00f3n con\u00a0 la moratoria? y \u00bfcu\u00e1l ser\u00eda el monto que corresponder\u00eda si solo tuviera servicios en relaci\u00f3n de dependencia?<\/strong><\/em><\/p>\n<p>Como ya veremos en los ejemplos, el monto es diferente. Esto se debe a que para el c\u00e1lculo del haber de los trabajadores en relaci\u00f3n de dependencia, se toma el promedio de las remuneraciones de los \u00faltimos 120 meses actualizados, a dicho promedio se le saca el 1.5% y se multiplica por los a\u00f1os aportados, en cambio, para aquel que tiene moratoria se tomar\u00e1 adem\u00e1s, el promedio de las rentas de referencia como trabajador aut\u00f3nomo de todo el periodo que adhiri\u00f3 a la moratoria y se ponderar\u00e1 con la cantidad de a\u00f1os aportados en relaci\u00f3n de dependencia, el monto del sueldo promedio actualizado y los a\u00f1os o meses simult\u00e1neos.<\/p>\n<p><strong>Veamos los siguientes ejemplos:<\/strong><\/p>\n<h2>Caso 1: Trabajador que nos consult\u00f3.<\/h2>\n<p>Tiene\u00a0<strong> 21 a\u00f1os y 3 meses de servicios en relaci\u00f3n de dependencia<\/strong> y por <strong>moratoria (aut\u00f3nomo)<\/strong>, para completar los 30 a\u00f1os de servicios, necesitar\u00eda adherirse por <strong>8 a\u00f1os y 9 meses.<\/strong><\/p>\n<p>Promedio de los sueldos actualizados de los \u00faltimos 120 meses: <strong>$8.000.-<\/strong><\/p>\n<p>Promedio de las rentas de referencia actualizadas por Res. Afip 3453\/13 con categor\u00eda vigente a 02\/2007, en este caso categor\u00eda A(1): <strong>$978,94.-<\/strong><\/p>\n<p>Aportes en relaci\u00f3n de dependencia antes de 07\/1994: 2 a\u00f1os y 7 meses.<br \/>\nAportes en relaci\u00f3n de dependencia a partir de 07\/1994: 18 a\u00f1os y 8 meses.<br \/>\nAportes aut\u00f3nomos (por moratoria) antes de 07\/1994: 8 a\u00f1os y 9 meses.<br \/>\nAportes aut\u00f3nomos a partir de 07\/1994: 0.<br \/>\nAportes simult\u00e1neos en relaci\u00f3n de dependencia y aut\u00f3nomos: 0.<br \/>\nCompensaci\u00f3n exceso de edad: 0.<\/p>\n<p><strong>Monto del haber calculado en base a los valores de la \u00faltima resoluci\u00f3n vigente (Res Anses 30\/2013)<\/strong><\/p>\n<p>Prestaci\u00f3n B\u00e1sica Universal (PBU): $1.022,84.-<\/p>\n<p>Prestaci\u00f3n Compensatoria (PC): $425,59.-<\/p>\n<p>Prestaci\u00f3n Adicional por Permanencia (PAP): $2.280.-<\/p>\n<p><strong>TOTAL HABER JUBILATORIO: $3.728,43.-<\/strong><\/p>\n<h2>Caso 2: Trabajador con 30 a\u00f1os de servicios solo en relaci\u00f3n de dependencia<\/h2>\n<p>Promedio de los sueldos actualizados de los \u00faltimos 120 meses: <strong>$8.000.-<\/strong><\/p>\n<p>Aportes antes de 07\/1994: 11 a\u00f1os, 4 meses.<br \/>\nAportes a partir de 07\/1994: 18 a\u00f1os, 8 meses.<\/p>\n<p><strong>Monto del haber con los valores de la \u00faltima resoluci\u00f3n vigente (Res Anses 30\/2013)<\/strong><\/p>\n<p>Prestaci\u00f3n B\u00e1sica Universal (PBU): $1.022,84.-<\/p>\n<p>Prestaci\u00f3n Compensatoria (PC): $1.320.-<\/p>\n<p>Prestaci\u00f3n Adicional por Permanencia (PAP): $2.280.-<br \/>\n<strong>TOTAL HABER JUBILATORIO: $4.622,84.-<\/strong><\/p>\n<h2>Caso 3: Trabajador con 15 a\u00f1os en relaci\u00f3n de dependencia y 15 a\u00f1os como aut\u00f3nomo (por moratoria)<\/h2>\n<p>Promedio de los sueldos actualizados de los \u00faltimos 120 meses: $<strong>8.000.-<\/strong><\/p>\n<p>Promedio de las rentas de referencia actualizadas por Res. Afip 3453\/13 como trabajador aut\u00f3nomo categor\u00eda A(1): <strong>$978,94.-<\/strong><\/p>\n<p>Aportes aut\u00f3nomos (por moratoria) antes de 07\/1994: 15 a\u00f1os.<br \/>\nAportes solo en relaci\u00f3n de dependencia a partir de 07\/1994: 15 a\u00f1os.<\/p>\n<p>Prestaci\u00f3n B\u00e1sica Universal (PBU): $1.022,84.-<\/p>\n<p>Prestaci\u00f3n Compensatoria (PC): $220,26.-<\/p>\n<p>Prestaci\u00f3n Adicional por Permanencia (PAP): $2.280.-<\/p>\n<p><strong>TOTAL HABER JUBILATORIO: $3.523,1.-<\/strong><\/p>\n<h2>Cuadro comparativo<\/h2>\n<table border=\"0\" width=\"100%\" cellspacing=\"0\" cellpadding=\"0\">\n<tbody>\n<tr>\n<td valign=\"bottom\" nowrap=\"nowrap\" width=\"220\"><\/td>\n<td style=\"text-align: center;\" valign=\"bottom\" nowrap=\"nowrap\" width=\"146\"><b>Caso 1<\/b><\/td>\n<td style=\"text-align: center;\" valign=\"bottom\" nowrap=\"nowrap\" width=\"94\"><b>Caso 2<\/b><\/td>\n<td style=\"text-align: center;\" valign=\"bottom\" nowrap=\"nowrap\" width=\"132\"><b>Caso 3<\/b><\/td>\n<\/tr>\n<tr>\n<td valign=\"bottom\" nowrap=\"nowrap\" width=\"220\"><b>Relaci\u00f3n de dependencia<\/b><\/td>\n<td style=\"text-align: center;\" valign=\"bottom\" nowrap=\"nowrap\" width=\"146\">21 a\u00f1os, 3 meses<\/td>\n<td style=\"text-align: center;\" valign=\"bottom\" nowrap=\"nowrap\" width=\"94\">30 a\u00f1os<\/td>\n<td style=\"text-align: center;\" valign=\"bottom\" nowrap=\"nowrap\" width=\"132\">15 a\u00f1os<\/td>\n<\/tr>\n<tr>\n<td valign=\"bottom\" nowrap=\"nowrap\" width=\"220\"><b>Aut\u00f3nomo (moratoria)<\/b><\/td>\n<td style=\"text-align: center;\" valign=\"bottom\" nowrap=\"nowrap\" width=\"146\">8 a\u00f1os, 9 meses<\/td>\n<td style=\"text-align: center;\" valign=\"bottom\" nowrap=\"nowrap\" width=\"94\">&#8211;<\/td>\n<td style=\"text-align: center;\" valign=\"bottom\" nowrap=\"nowrap\" width=\"132\">15 a\u00f1os<\/td>\n<\/tr>\n<tr>\n<td valign=\"bottom\" nowrap=\"nowrap\" width=\"224\"><b>Sueldo promedio<\/b><\/td>\n<td style=\"text-align: center;\" valign=\"bottom\" nowrap=\"nowrap\" width=\"146\">\u00a0$\u00a0\u00a0\u00a0\u00a0\u00a0\u00a0\u00a0\u00a0\u00a0\u00a0\u00a0\u00a0\u00a0 8.000,00<\/td>\n<td style=\"text-align: center;\" valign=\"bottom\" nowrap=\"nowrap\" width=\"94\">\u00a0$ 8.000,00<\/td>\n<td style=\"text-align: center;\" valign=\"bottom\" nowrap=\"nowrap\" width=\"132\">\u00a0$\u00a0\u00a0\u00a0 8.000,00<\/td>\n<\/tr>\n<tr>\n<td valign=\"bottom\" nowrap=\"nowrap\" width=\"224\"><b>Aut\u00f3nomo Categ. A,<br \/>\nrenta promedio<\/b><\/td>\n<td style=\"text-align: center;\" valign=\"bottom\" nowrap=\"nowrap\" width=\"146\">\u00a0$\u00a0\u00a0\u00a0\u00a0\u00a0\u00a0\u00a0\u00a0\u00a0\u00a0\u00a0\u00a0\u00a0\u00a0\u00a0\u00a0 978,94<\/td>\n<td valign=\"bottom\" nowrap=\"nowrap\" width=\"94\">&#8211;<\/td>\n<td style=\"text-align: center;\" valign=\"bottom\" nowrap=\"nowrap\" width=\"132\">\u00a0$\u00a0\u00a0\u00a0\u00a0\u00a0\u00a0 978,94<\/td>\n<\/tr>\n<tr>\n<td valign=\"bottom\" nowrap=\"nowrap\" width=\"224\"><b>PBU<\/b><\/td>\n<td style=\"text-align: center;\" valign=\"bottom\" nowrap=\"nowrap\" width=\"146\">\u00a0$\u00a0\u00a0\u00a0\u00a0\u00a0\u00a0\u00a0\u00a0\u00a0\u00a0\u00a0\u00a0\u00a0 1.022,84<\/td>\n<td style=\"text-align: center;\" valign=\"bottom\" nowrap=\"nowrap\" width=\"94\">\u00a0$ 1.022,84<\/td>\n<td style=\"text-align: center;\" valign=\"bottom\" nowrap=\"nowrap\" width=\"132\">\u00a0$\u00a0\u00a0\u00a0 1.022,84<\/td>\n<\/tr>\n<tr>\n<td valign=\"bottom\" nowrap=\"nowrap\" width=\"224\"><b>PC<\/b><\/td>\n<td style=\"text-align: center;\" valign=\"bottom\" nowrap=\"nowrap\" width=\"146\">\u00a0$\u00a0\u00a0\u00a0\u00a0\u00a0\u00a0\u00a0\u00a0\u00a0\u00a0\u00a0\u00a0\u00a0\u00a0\u00a0\u00a0 425,59<\/td>\n<td style=\"text-align: center;\" valign=\"bottom\" nowrap=\"nowrap\" width=\"94\">\u00a0$ 1.320,00<\/td>\n<td style=\"text-align: center;\" valign=\"bottom\" nowrap=\"nowrap\" width=\"132\">\u00a0$\u00a0\u00a0\u00a0\u00a0\u00a0\u00a0 220,26<\/td>\n<\/tr>\n<tr>\n<td valign=\"bottom\" nowrap=\"nowrap\" width=\"224\"><b>PAP<\/b><\/td>\n<td style=\"text-align: center;\" valign=\"bottom\" nowrap=\"nowrap\" width=\"146\">\u00a0$\u00a0\u00a0\u00a0\u00a0\u00a0\u00a0\u00a0\u00a0\u00a0\u00a0\u00a0\u00a0\u00a0 2.280,00<\/td>\n<td style=\"text-align: center;\" valign=\"bottom\" nowrap=\"nowrap\" width=\"94\">\u00a0$ 2.280,00<\/td>\n<td style=\"text-align: center;\" valign=\"bottom\" nowrap=\"nowrap\" width=\"132\">\u00a0$\u00a0\u00a0\u00a0 2.280,00<\/td>\n<\/tr>\n<tr>\n<td valign=\"bottom\" nowrap=\"nowrap\" width=\"224\"><b>Total Haber<\/b><\/td>\n<td style=\"text-align: center;\" valign=\"bottom\" nowrap=\"nowrap\" width=\"146\"><b>\u00a0$\u00a0\u00a0\u00a0\u00a0\u00a0\u00a0\u00a0\u00a0\u00a0\u00a0\u00a0\u00a0\u00a0 3.728,43 <\/b><\/td>\n<td style=\"text-align: center;\" valign=\"bottom\" nowrap=\"nowrap\" width=\"94\"><b>\u00a0$ 4.622,84 <\/b><\/td>\n<td style=\"text-align: center;\" valign=\"bottom\" nowrap=\"nowrap\" width=\"132\"><b>\u00a0$\u00a0\u00a0\u00a0 3.523,10 <\/b><\/td>\n<\/tr>\n<\/tbody>\n<\/table>\n<p><em><strong>5. \u00bfCu\u00e1l ser\u00eda el monto de la indemnizaci\u00f3n por despido incausado?<\/strong><\/em><\/p>\n<p>Seguiremos el ejemplo del trabajador que nos consult\u00f3.<\/p>\n<p>Antig\u00fcedad: 20 a\u00f1os 3 meses<br \/>\nRemuneraci\u00f3n: $8.000.-<\/p>\n<p>M\u00ednimamente le corresponder\u00e1 los siguientes rubros con su respectivo monto (calculados sin tope):<\/p>\n<p style=\"padding-left: 30px;\">a. Indemnizaci\u00f3n por antig\u00fcedad (Art. 245 LCT): <strong>$160.000.<\/strong>&#8211;<\/p>\n<p style=\"padding-left: 30px;\">b. Pre-aviso (art. 232 LCT):<strong> $16.000<\/strong>.-<\/p>\n<p style=\"padding-left: 30px;\">c. Sac sobre Pre-aviso (art. 232 LCT): <strong>$1333,33.-<\/strong><\/p>\n<p style=\"padding-left: 30px;\"><strong>TOTAL: $177.333,33.-<\/strong><\/p>\n<h2>Por lo expuesto, concluimos que:<\/h2>\n<ul>\n<li>La <strong>moratoria previsional<\/strong> es de car\u00e1cter <strong>voluntario<\/strong> y ning\u00fan empleador podr\u00e1 obligar al trabajador a aceptarlo.<\/li>\n<li>El trabajador que no cuenta con los 30 a\u00f1os de servicios, debe rechazar la intimaci\u00f3n del empleador a jubilarse mediante telegrama laboral informando tal situaci\u00f3n.<\/li>\n<li><strong>El empleador deber\u00e1 mantener en su puesto de trabajo al trabajador, hasta que cumpla los requisitos necesarios para acceder a la jubilaci\u00f3n.<\/strong> Si el empleador no desea mantener la relaci\u00f3n laboral, deber\u00e1 proceder al despido sin causa e indemnizarlo debidamente seg\u00fan la ley o el convenio colectivo vigente para la actividad.<\/li>\n<li>Si el trabajador desea adherirse a la moratoria, <strong>podr\u00e1 hacerlo una vez terminado el v\u00ednculo con el empleador o en cualquier momento<\/strong> mientras est\u00e1 vigente dicho r\u00e9gimen dispuesto por la Ley 24.476.<\/li>\n<li><strong>El pago de la moratoria<\/strong> por parte del empleador,<strong> raramente compensar\u00e1 las indemnizaciones por despido incausado<\/strong> (sin causa).<\/li>\n<li><strong>Al trabajador<\/strong> que se encuentra en actividad<strong> y que no cuenta con los 30 a\u00f1os de servicios con aportes<\/strong>, desde el punto de vista econ\u00f3mico,<strong> no le conviene desvincularse laboralmente<\/strong> \u2013aun cuando el empleador le pague la moratoria \u2013 <strong>ya que el haber jubilatorio que obtendr\u00e1<\/strong> (dependiendo de la cantidad de a\u00f1os de moratoria) <strong>ser\u00e1 siempre mucho menor a la que podr\u00eda obtener de acreditar solo servicios en relaci\u00f3n de dependencia.<\/strong><\/li>\n<li>Al trabajador, siempre, <strong>le conviene solicitar una Proyecci\u00f3n de Haber Previsional. <\/strong>Nosotros somos especialistas y no tenemos vinculaci\u00f3n con los empleadores, por lo tanto podemos informarle en forma documentada, el monto real del haber que obtendr\u00e1 si acepta la moratoria y el monto que obtendr\u00eda solo con servicios en relaci\u00f3n de dependencia.<\/li>\n<\/ul>\n<p>Como trabajador\u00a0 debe saber que, <strong>si la consultora o estudio est\u00e1 pagada por el empleadora<\/strong>, l\u00f3gicamente <strong>la informaci\u00f3n que le brindar\u00e1 siempre tender\u00e1 a favor de la adhesi\u00f3n a la moratoria<\/strong>, de esta manera, <strong>el empleador se ahorrar\u00e1 las indemnizaciones por despido sin causa que le corresponder\u00eda pagar<\/strong> a aquel trabajador que se niega a jubilarse por no tener los a\u00f1os de servicios.<\/p>\n<p>Adem\u00e1s debe tener en cuenta que, <strong>al estudio o consultora contratada por el empleador, siempre le convendr\u00e1 que el trabajador se jubile cuanto antes<\/strong>, ya que de ello dependen sus honorarios finales pagados por el empleador.<\/p>\n<ul>\n<li>Siempre conviene presentar ante Anses todos los servicios en relaci\u00f3n de dependencia y las pruebas que se tenga de ellas, antes que \u201ccomprar\u201d la moratoria que muchos colegas y consultoras e inclusive personal de Anses sugieren por la simple comodidad de no hacer el trabajo de la probatoria de servicios.<strong> No deseche su derecho a obtener el mejor beneficio posible con todas las pruebas que tenga a su favor de los servicios prestados durante su vida laboral. Recuerde que en la mayor\u00eda de los casos EL HABER PREVISIONAL SER\u00c1 EL UNICO INGRESO FIJO QUE RECIBIR\u00c1 EL RESTO DE SU VIDA. Nuestro estudio le asegura que el haber que logre de Anses sea el mejor posible, sin desechar ning\u00fan servicio por muy complicada que sea la prueba de ello.<\/strong><\/li>\n<li><strong>Una vez obtenida la jubilaci\u00f3n o el beneficio, siempre<\/strong> conviene <strong>realizar una revisi\u00f3n de los montos otorgados,<\/strong> ya que el personal de Anses suele cometer errores materiales que posteriormente se pueden reclamar y si el error est\u00e1 bien determinado por el profesional, Anses reconocer\u00e1 el error y modificar\u00e1 el monto del haber sin necesidad de reclamo judicial. <strong>Somos especialistas con amplia experiencia, no dude en consultarnos.<\/strong><\/li>\n<li>Si considera que el haber mensual que Anses le est\u00e1 pagando est\u00e1 desfasado del monto que cobra el trabajador activo de la misma categor\u00eda y antig\u00fcedad que Ud. ten\u00eda al momento de retirarse, <strong>cons\u00faltenos<\/strong> sobre la posibilidad de realizar un reclamo de <strong>REAJUSTE DE HABERES<\/strong> con c\u00e1lculo previo de las diferencias a reclamar. Desconf\u00ede de aquel profesional que no le explica los conceptos y montos\u00a0 que podr\u00eda reclamar y las posibilidades concretas de lograr un resultado favorable. Nuestro estudio se especializa en Derecho Previsional, por lo tanto siempre le informaremos, las posibilidades concretas en cuanto a monto y tiempo de lograr un resultado FAVORABLE.<\/li>\n<\/ul>\n<p><em>(1) Para que el costo de la moratoria sea el menor posible las empresas prefieren adherir al trabajador en las categor\u00edas m\u00e1s bajas.<\/em><\/p>\n","protected":false},"excerpt":{"rendered":"<p>Jubilaci\u00f3n con moratoria, Monto del haber y relaci\u00f3n laboral Nuestro estudio jur\u00eddico se especializa en Derecho Previsional y en tal sentido ofrecemos el nuevo servicio de Proyecci\u00f3n de Haber Previsional. El servicio de Proyecci\u00f3n del Haber Previsional consiste en informarle, en base a los datos que Ud. nos facilita, el monto aproximado de su futuro <span class=\"ellipsis\">&hellip;<\/span> <span class=\"more-link-wrap\"><a href=\"https:\/\/delpinocardenas.com.ar\/?page_id=450\" class=\"more-link\"><span>Continue Reading<\/span><\/a><\/span><\/p>\n","protected":false},"author":1,"featured_media":0,"parent":444,"menu_order":0,"comment_status":"open","ping_status":"open","template":"","meta":[],"_links":{"self":[{"href":"https:\/\/delpinocardenas.com.ar\/index.php?rest_route=\/wp\/v2\/pages\/450"}],"collection":[{"href":"https:\/\/delpinocardenas.com.ar\/index.php?rest_route=\/wp\/v2\/pages"}],"about":[{"href":"https:\/\/delpinocardenas.com.ar\/index.php?rest_route=\/wp\/v2\/types\/page"}],"author":[{"embeddable":true,"href":"https:\/\/delpinocardenas.com.ar\/index.php?rest_route=\/wp\/v2\/users\/1"}],"replies":[{"embeddable":true,"href":"https:\/\/delpinocardenas.com.ar\/index.php?rest_route=%2Fwp%2Fv2%2Fcomments&post=450"}],"version-history":[{"count":25,"href":"https:\/\/delpinocardenas.com.ar\/index.php?rest_route=\/wp\/v2\/pages\/450\/revisions"}],"predecessor-version":[{"id":545,"href":"https:\/\/delpinocardenas.com.ar\/index.php?rest_route=\/wp\/v2\/pages\/450\/revisions\/545"}],"up":[{"embeddable":true,"href":"https:\/\/delpinocardenas.com.ar\/index.php?rest_route=\/wp\/v2\/pages\/444"}],"wp:attachment":[{"href":"https:\/\/delpinocardenas.com.ar\/index.php?rest_route=%2Fwp%2Fv2%2Fmedia&parent=450"}],"curies":[{"name":"wp","href":"https:\/\/api.w.org\/{rel}","templated":true}]}}