{"id":42,"date":"2010-11-24T15:30:17","date_gmt":"2010-11-24T15:30:17","guid":{"rendered":"http:\/\/www.derechoenaccion.com.ar\/?page_id=42"},"modified":"2024-01-31T11:45:45","modified_gmt":"2024-01-31T14:45:45","slug":"contacto","status":"publish","type":"page","link":"https:\/\/delpinocardenas.com.ar\/?page_id=42","title":{"rendered":"Contacto"},"content":{"rendered":"<p style=\"text-align: left; padding-left: 90px;\"><b>Horario de atenci\u00f3n l\u00ednea fija <\/b><strong>54-11-5855-9722<\/strong>: lunes a viernes de 9 a 15:30 hs.<\/p>\n<p style=\"text-align: left; padding-left: 90px;\">Por <strong>WhatsApp<\/strong> puede enviarnos mensajes las 24 hs. y se le responder\u00e1 a la brevedad.<\/p>\n<p style=\"text-align: left; padding-left: 90px;\"><strong>E-Mail<\/strong>: maribel@delpinocardenas.com.ar<\/p>\n<p style=\"text-align: left; padding-left: 90px;\"><strong>Direcci\u00f3n: <\/strong>Paran\u00e1 123 Piso 8\u00ba Of. \u00ab186\u00bb &#8211; CABA<\/p>\n<p style=\"text-align: center;\">** Para ser atendido en nuestro estudio <strong>DEBE SOLICITAR CITA<\/strong>.**<br \/>** <strong>No se atiende sin cita<\/strong>.**<\/p>\n\n\n<p><\/p>\n","protected":false},"excerpt":{"rendered":"<p>Horario de atenci\u00f3n l\u00ednea fija 54-11-5855-9722: lunes a viernes de 9 a 15:30 hs. Por WhatsApp puede enviarnos mensajes las 24 hs. y se le responder\u00e1 a la brevedad. E-Mail: maribel@delpinocardenas.com.ar Direcci\u00f3n: Paran\u00e1 123 Piso 8\u00ba Of. \u00ab186\u00bb &#8211; CABA ** Para ser atendido en nuestro estudio DEBE SOLICITAR CITA.**** No se atiende sin cita.**<\/p>\n","protected":false},"author":1,"featured_media":0,"parent":0,"menu_order":0,"comment_status":"open","ping_status":"open","template":"","meta":[],"_links":{"self":[{"href":"https:\/\/delpinocardenas.com.ar\/index.php?rest_route=\/wp\/v2\/pages\/42"}],"collection":[{"href":"https:\/\/delpinocardenas.com.ar\/index.php?rest_route=\/wp\/v2\/pages"}],"about":[{"href":"https:\/\/delpinocardenas.com.ar\/index.php?rest_route=\/wp\/v2\/types\/page"}],"author":[{"embeddable":true,"href":"https:\/\/delpinocardenas.com.ar\/index.php?rest_route=\/wp\/v2\/users\/1"}],"replies":[{"embeddable":true,"href":"https:\/\/delpinocardenas.com.ar\/index.php?rest_route=%2Fwp%2Fv2%2Fcomments&post=42"}],"version-history":[{"count":56,"href":"https:\/\/delpinocardenas.com.ar\/index.php?rest_route=\/wp\/v2\/pages\/42\/revisions"}],"predecessor-version":[{"id":648,"href":"https:\/\/delpinocardenas.com.ar\/index.php?rest_route=\/wp\/v2\/pages\/42\/revisions\/648"}],"wp:attachment":[{"href":"https:\/\/delpinocardenas.com.ar\/index.php?rest_route=%2Fwp%2Fv2%2Fmedia&parent=42"}],"curies":[{"name":"wp","href":"https:\/\/api.w.org\/{rel}","templated":true}]}}